{"id":4668,"date":"2023-01-30T13:45:01","date_gmt":"2023-01-30T10:45:01","guid":{"rendered":"http:\/\/inspirythemesdemo.com\/realplaces\/?page_id=202"},"modified":"2025-12-04T16:34:37","modified_gmt":"2025-12-04T13:34:37","slug":"ilanlarimiz","status":"publish","type":"page","link":"https:\/\/www.bursacagdasemlak.com\/?page_id=4668","title":{"rendered":"\u0130lanlar\u0131m\u0131z"},"content":{"rendered":"\t\t<div data-elementor-type=\"wp-page\" data-elementor-id=\"4668\" class=\"elementor elementor-4668\">\n\t\t\t\t\t\t<section class=\"elementor-section elementor-top-section elementor-element elementor-element-721bcc9 elementor-section-boxed elementor-section-height-default elementor-section-height-default\" data-id=\"721bcc9\" data-element_type=\"section\" data-e-type=\"section\">\n\t\t\t\t\t\t<div class=\"elementor-container elementor-column-gap-default\">\n\t\t\t\t\t<div class=\"elementor-column elementor-col-100 elementor-top-column elementor-element elementor-element-9d11291\" data-id=\"9d11291\" data-element_type=\"column\" data-e-type=\"column\">\n\t\t\t<div class=\"elementor-widget-wrap elementor-element-populated\">\n\t\t\t\t\t\t<div class=\"elementor-element elementor-element-0095b5b elementor-widget elementor-widget-heading\" data-id=\"0095b5b\" data-element_type=\"widget\" data-e-type=\"widget\" data-widget_type=\"heading.default\">\n\t\t\t\t<div class=\"elementor-widget-container\">\n\t\t\t\t\t<h2 class=\"elementor-heading-title elementor-size-default\">G\u00dcNCEL \u0130LANLARIMIZ <\/h2>\t\t\t\t<\/div>\n\t\t\t\t<\/div>\n\t\t\t\t\t<\/div>\n\t\t<\/div>\n\t\t\t\t\t<\/div>\n\t\t<\/section>\n\t\t\t\t<\/div>\n\t\t","protected":false},"excerpt":{"rendered":"<p>G\u00dcNCEL \u0130LANLARIMIZ<\/p>\n","protected":false},"author":1,"featured_media":0,"parent":0,"menu_order":0,"comment_status":"open","ping_status":"closed","template":"templates\/properties-search.php","meta":{"_coblocks_attr":"","_coblocks_dimensions":"","_coblocks_responsive_height":"","_coblocks_accordion_ie_support":"","_joinchat":[],"footnotes":""},"class_list":["post-4668","page","type-page","status-publish","hentry"],"_links":{"self":[{"href":"https:\/\/www.bursacagdasemlak.com\/index.php?rest_route=\/wp\/v2\/pages\/4668","targetHints":{"allow":["GET"]}}],"collection":[{"href":"https:\/\/www.bursacagdasemlak.com\/index.php?rest_route=\/wp\/v2\/pages"}],"about":[{"href":"https:\/\/www.bursacagdasemlak.com\/index.php?rest_route=\/wp\/v2\/types\/page"}],"author":[{"embeddable":true,"href":"https:\/\/www.bursacagdasemlak.com\/index.php?rest_route=\/wp\/v2\/users\/1"}],"replies":[{"embeddable":true,"href":"https:\/\/www.bursacagdasemlak.com\/index.php?rest_route=%2Fwp%2Fv2%2Fcomments&post=4668"}],"version-history":[{"count":27,"href":"https:\/\/www.bursacagdasemlak.com\/index.php?rest_route=\/wp\/v2\/pages\/4668\/revisions"}],"predecessor-version":[{"id":20964,"href":"https:\/\/www.bursacagdasemlak.com\/index.php?rest_route=\/wp\/v2\/pages\/4668\/revisions\/20964"}],"wp:attachment":[{"href":"https:\/\/www.bursacagdasemlak.com\/index.php?rest_route=%2Fwp%2Fv2%2Fmedia&parent=4668"}],"curies":[{"name":"wp","href":"https:\/\/api.w.org\/{rel}","templated":true}]}}