{"id":235,"date":"2019-12-11T15:52:29","date_gmt":"2019-12-11T12:52:29","guid":{"rendered":"https:\/\/www.bursacagdasemlak.com\/?page_id=235"},"modified":"2025-06-17T13:19:32","modified_gmt":"2025-06-17T10:19:32","slug":"sik-sorulan-sorular","status":"publish","type":"page","link":"https:\/\/www.bursacagdasemlak.com\/?page_id=235","title":{"rendered":"S\u0131k sorulan sorular"},"content":{"rendered":"\t\t<div data-elementor-type=\"wp-page\" data-elementor-id=\"235\" class=\"elementor elementor-235\">\n\t\t\t\t\t\t<section class=\"elementor-section elementor-top-section elementor-element elementor-element-4d921c89 elementor-section-boxed elementor-section-height-default elementor-section-height-default\" data-id=\"4d921c89\" data-element_type=\"section\" data-e-type=\"section\">\n\t\t\t\t\t\t<div class=\"elementor-container elementor-column-gap-default\">\n\t\t\t\t\t<div class=\"elementor-column elementor-col-100 elementor-top-column elementor-element elementor-element-35b29929\" data-id=\"35b29929\" data-element_type=\"column\" data-e-type=\"column\">\n\t\t\t<div class=\"elementor-widget-wrap elementor-element-populated\">\n\t\t\t\t\t\t<div class=\"elementor-element elementor-element-3af5b0da elementor-widget elementor-widget-text-editor\" data-id=\"3af5b0da\" data-element_type=\"widget\" data-e-type=\"widget\" data-widget_type=\"text-editor.default\">\n\t\t\t\t<div class=\"elementor-widget-container\">\n\t\t\t\t\t\t\t\t\t<p><\/p>\n<h3><strong>GAYR\u0130MENKULUM\u00dc SATMAK \u0130ST\u0130YORUM NE YAPMALIYIM ?<\/strong><\/h3>\n<p><\/p>\n<p><\/p>\n<p class=\"has-text-color has-very-dark-gray-color\">GAYR\u0130MENKUL\u00dcN\u00dcZ\u00dc SATMAYA KARAR VERD\u0130KTEN SONRA B\u0130Z\u0130 ARAMANIZ YETERL\u0130. B\u0130Z S\u0130Z\u0130N UYGUN B\u0130R ZAMANINIZDA RANDEVU OLU\u015eTURUP UZMAN EK\u0130B\u0130M\u0130Z \u0130LE GAYR\u0130MENKUL\u00dcN EKSPERT\u0130Z\u0130N\u0130 YAPTIKTAN SONRA GEREKL\u0130 REKLAM PLATFORMLARINDA \u0130LANINI YAYINLIYORUZ VE UYGUN M\u00dc\u015eTER\u0130 \u0130LE \u0130RT\u0130BAT ALIYORUZ.<\/p>\n<hr class=\"wp-block-coblocks-dynamic-separator is-style-fullwidth\" style=\"height: 50px;\" \/>\n<p><\/p>\n<p><\/p>\n<h3 class=\"wp-block-heading\"><strong>-BURSA \u00c7A\u011eDA\u015e EMLAK OLARAK OF\u0130S\u0130M\u0130Z NEREDE ?<\/strong><\/h3>\n<p><span style=\"color: #333333;\">MURAD\u0130YE MAHALLES\u0130 2.MURAT SOKAK NO: 29\/A OSMANGAZ\u0130 BURSA <\/span><\/p>\n<p><span style=\"color: #333333;\">(MURAD\u0130YE ASKERL\u0130K \u015eUBES\u0130 YANI)<\/span><\/p>\n<hr class=\"wp-block-coblocks-dynamic-separator is-style-fullwidth\" style=\"height: 50px;\" \/>\n<p><\/p>\n<p><\/p>\n<h3 class=\"wp-block-heading\"><strong>SAT\u0130N ALMA S\u00dcREC\u0130 NASIL \u0130\u015eL\u0130YOR?<\/strong><\/h3>\n<p><\/p>\n<p><\/p>\n<p class=\"has-text-color has-very-dark-gray-color\">GAYR\u0130MENKUL\u00dc ALMAYA KARAR VERD\u0130\u011e\u0130N\u0130ZDE, SAH\u0130P OLMAK \u0130STED\u0130\u011e\u0130N\u0130Z GAYR\u0130MENKUL\u00dcN SATI\u015e F\u0130YATININ\u00a0 %5 \u0130LA %10&#8217;U KADAR KAPORA BIRAKILIR. BURADAK\u0130 AMA\u00c7 HEM ALICININ HEM DE SATICININ HASSAS\u0130YETLER\u0130N\u0130 KORUMAKTIR. KAPORA BIRAKILMA ESNASINDA OF\u0130S\u0130M\u0130ZDE ALICI VE SATICI ARASINDA GAYR\u0130MENKUL ALIM-SATIM S\u00d6ZLE\u015eMES\u0130 \u0130MZALANIR. ALINAN KAPORA, TAPU G\u00dcN\u00dcNE KADAR M\u00dcESSEM\u0130ZDE KALIR.<\/p>\n<p>\u00a0<\/p>\n<p><\/p>\n<p><\/p>\n<p class=\"has-text-color has-very-dark-gray-color\">F\u0130RMAMIZ, T\u00dcM SATI\u015e BA\u015eVURUSU VE TAPU TAK\u0130P \u0130\u015eLEMLER\u0130N\u0130 YAPAR. BU S\u00dcRE\u00c7TE S\u0130ZDEN TALEB\u0130M\u0130Z, SADECE GEREKL\u0130 EVRAKLAR VE GEREKL\u0130 ONAYLAR OLACAKTIR.<\/p>\n<p>\u00a0<\/p>\n<p class=\"has-text-color has-very-dark-gray-color\">TAPU KADASTRO GENEL M\u00dcD\u00dcRL\u00dc\u011e\u00dc&#8217;NDEN RANDEVU MESAJI VE \u00d6DEME B\u0130LG\u0130LER\u0130 MESAJI GELD\u0130\u011e\u0130NDE, ALINAN KAPORADAN \u00d6DEMELER YAPILIR. YAPILAN \u00d6DEMELER SONRASI, DEKONTLAR VE KAPORADAN ARDA KALAN TUTAR \u0130LG\u0130L\u0130 K\u0130\u015e\u0130YE TESL\u0130M ED\u0130L\u0130R.<\/p>\n<p><\/p>\n<p><\/p>\n<p><\/p>\n<p><\/p>\n<hr class=\"wp-block-coblocks-dynamic-separator is-style-fullwidth\" style=\"height: 50px;\" \/>\n<p><\/p>\n<p><\/p>\n<h3 class=\"wp-block-heading\"><strong>GAYR\u0130MENKUL ALIMINDA HANG\u0130 MASRAFLAR OLU\u015eUR ?<\/strong><\/h3>\n<p><\/p>\n<p><\/p>\n<p class=\"has-text-color has-very-dark-gray-color\">TAPU VE KADASTRO GENEL M\u00dcD\u00dcRL\u00dc\u011e\u00dc\u2019NE BEYAN ED\u0130LEN DE\u011eER\u0130N %4 \u00dc VERG\u0130 OLARAK \u00d6DEN\u0130R. BEYAN ED\u0130LEN DE\u011eER\u0130N %4&#8217;\u00dcNE EK OLARAK 5.323 TL D\u00d6NER SERMAYE HARCI \u00d6DEN\u0130R. <\/p>\n<p class=\"has-text-color has-very-dark-gray-color\">BUNUN YANINDA \u0130LG\u0130L\u0130 BELED\u0130YEYE VARSA EMLAK BORCUNUN \u00d6DENMES\u0130 DE GEREKL\u0130D\u0130R.<\/p>\n<p><\/p>\n<p><\/p>\n<p class=\"has-text-color has-very-dark-gray-color\">AYRICA Y\u00d6NETMEL\u0130KTE DE BEL\u0130RT\u0130LD\u0130\u011e\u0130 G\u0130B\u0130 EMLAK\u00c7I KOM\u0130SYONU, SATI\u015e BEDEL\u0130N\u0130N % 2 + KDV&#8217;S\u0130 OLUP, ALICIDAN VE SATICIDAN AYRI AYRI ALINIR.<\/p>\n<p><\/p>\n<p><\/p>\n<hr class=\"wp-block-coblocks-dynamic-separator is-style-fullwidth\" style=\"height: 50px;\" \/>\n<p><\/p>\n<p><\/p>\n<h3 class=\"wp-block-heading\"><strong>PORTF\u00d6Y\u00dcN\u00dcZDE B\u0130R KA\u00c7 GAYR\u0130MENKUL BE\u011eEND\u0130M NASIL G\u00d6REB\u0130L\u0130R\u0130M?<\/strong><\/h3>\n<p><\/p>\n<p><\/p>\n<p class=\"has-text-color has-very-dark-gray-color\">YER G\u00d6STERME FAAL\u0130YET\u0130 \u0130\u015e\u0130M\u0130Z\u0130N B\u00dcY\u00dcK B\u0130R B\u00d6L\u00dcM\u00dcN\u00dc OLU\u015eTURDU\u011eU \u0130\u00c7\u0130N, BE\u011eEND\u0130\u011e\u0130N\u0130Z PORTF\u00d6Y\u00dcM\u00dcZ\u00dc G\u00d6RMEK \u0130\u00c7\u0130N EN AZ 1 SAAT \u00d6NCES\u0130NDEN B\u0130Z\u0130 ARAYIP RANDEVU OLU\u015eTURMANIZ GEREKMEKTED\u0130R.\u00a0<\/p>\n<p><\/p>\n<p><\/p>\n<p><\/p>\n<p><\/p>\n<hr class=\"wp-block-coblocks-dynamic-separator is-style-fullwidth\" style=\"height: 50px;\" \/>\n<p><\/p>\n<p><\/p>\n<h3 class=\"wp-block-heading\"><strong>SATI\u015e \u0130\u015eLEM\u0130NDE TAPUDA NELER GEREKL\u0130D\u0130R?<\/strong><\/h3>\n<p><\/p>\n<p><\/p>\n<p class=\"has-text-color has-very-dark-gray-color\">-TAPU SENED\u0130 VEYA FOTOKOP\u0130S\u0130<\/p>\n<p><\/p>\n<p><\/p>\n<p class=\"has-text-color has-very-dark-gray-color\">-YEN\u0130 K\u0130ML\u0130K BELGES\u0130<\/p>\n<p><\/p>\n<p><\/p>\n<p class=\"has-text-color has-very-dark-gray-color\">-\u015eAYET TAPU \u0130\u015eLEM\u0130 VEK\u0130L ARACILI\u011eI \u0130LE YAPILACAKSA.VEK\u0130L\u0130N N\u00dcFUS C\u00dcZDANI VE VEKALETNAMES\u0130<\/p>\n<p><\/p>\n<p><\/p>\n<p class=\"has-text-color has-very-dark-gray-color\">-TA\u015eINMAZIN BA\u011eLI BULUNDU\u011eU BELED\u0130YEN\u0130N EMLAK BEYAN SERV\u0130S\u0130NDEN, RAY\u0130\u00c7 BEDEL\u0130N\u0130 B\u0130LD\u0130R\u0130R BELGE\u00a0<\/p>\n<p><\/p>\n<p><\/p>\n<p class=\"has-text-color has-very-dark-gray-color\">-GAYR\u0130MENKULUN DASK (DEPREM S\u0130GORTASI) YAPTIRILMI\u015e BELGES\u0130<\/p>\n<p><\/p>\n<p><\/p>\n<p class=\"has-text-color has-very-dark-gray-color\">-SATICI YADA ALICIDAN HERHANG\u0130 B\u0130R\u0130N\u0130N OKUMA YAZMASI YOKSA 2 \u015eAH\u0130T BULUNARAK K\u0130ML\u0130KLER\u0130N\u0130N ASLI \u0130LE \u015eAH\u0130TLER\u0130N HAZIR BULUNMASI\u00a0<\/p>\n<p><\/p>\n<p><\/p>\n<hr class=\"wp-block-coblocks-dynamic-separator is-style-fullwidth\" style=\"height: 50px;\" \/>\n<p><\/p>\n<p><\/p>\n<p><\/p>\n<p><\/p>\n<p><\/p>\n<p><\/p>\n<p><\/p>\n<p><\/p>\n<p><\/p>\n<p><\/p>\n<p><\/p>\n<p><\/p>\n<p><\/p>\t\t\t\t\t\t\t\t<\/div>\n\t\t\t\t<\/div>\n\t\t\t\t\t<\/div>\n\t\t<\/div>\n\t\t\t\t\t<\/div>\n\t\t<\/section>\n\t\t\t\t<\/div>\n\t\t","protected":false},"excerpt":{"rendered":"<p>GAYR\u0130MENKUL\u00dcN\u00dcZ\u00dc SATMAYA KARAR VERD\u0130KTEN SONRA B\u0130Z\u0130 ARAMANIZ YETERL\u0130. B\u0130Z S\u0130Z\u0130N UYGUN B\u0130R ZAMANINIZDA RANDEVU OLU\u015eTURUP UZMAN EK\u0130B\u0130M\u0130Z \u0130LE GAYR\u0130MENKUL\u00dcN EKSPERT\u0130Z\u0130N\u0130 YAPTIKTAN SONRA GEREKL\u0130 REKLAM PLATFORMLARINDA \u0130LANINI YAYINLIYORUZ VE UYGUN M\u00dc\u015eTER\u0130 \u0130LE \u0130RT\u0130BAT ALIYORUZ. -BURSA \u00c7A\u011eDA\u015e EMLAK OLARAK OF\u0130S\u0130M\u0130Z NEREDE ? MURAD\u0130YE MAHALLES\u0130 2.MURAT SOKAK NO: 29\/A OSMANGAZ\u0130 BURSA (MURAD\u0130YE ASKERL\u0130K \u015eUBES\u0130 YANI) SAT\u0130N ALMA S\u00dcREC\u0130&#8230;<\/p>\n","protected":false},"author":1,"featured_media":0,"parent":0,"menu_order":0,"comment_status":"closed","ping_status":"closed","template":"","meta":{"_coblocks_attr":"","_coblocks_dimensions":"","_coblocks_responsive_height":"","_coblocks_accordion_ie_support":"","_joinchat":[],"footnotes":""},"class_list":["post-235","page","type-page","status-publish","hentry"],"_links":{"self":[{"href":"https:\/\/www.bursacagdasemlak.com\/index.php?rest_route=\/wp\/v2\/pages\/235","targetHints":{"allow":["GET"]}}],"collection":[{"href":"https:\/\/www.bursacagdasemlak.com\/index.php?rest_route=\/wp\/v2\/pages"}],"about":[{"href":"https:\/\/www.bursacagdasemlak.com\/index.php?rest_route=\/wp\/v2\/types\/page"}],"author":[{"embeddable":true,"href":"https:\/\/www.bursacagdasemlak.com\/index.php?rest_route=\/wp\/v2\/users\/1"}],"replies":[{"embeddable":true,"href":"https:\/\/www.bursacagdasemlak.com\/index.php?rest_route=%2Fwp%2Fv2%2Fcomments&post=235"}],"version-history":[{"count":18,"href":"https:\/\/www.bursacagdasemlak.com\/index.php?rest_route=\/wp\/v2\/pages\/235\/revisions"}],"predecessor-version":[{"id":19988,"href":"https:\/\/www.bursacagdasemlak.com\/index.php?rest_route=\/wp\/v2\/pages\/235\/revisions\/19988"}],"wp:attachment":[{"href":"https:\/\/www.bursacagdasemlak.com\/index.php?rest_route=%2Fwp%2Fv2%2Fmedia&parent=235"}],"curies":[{"name":"wp","href":"https:\/\/api.w.org\/{rel}","templated":true}]}}